{"id":5795,"date":"2026-01-19T20:40:50","date_gmt":"2026-01-19T20:40:50","guid":{"rendered":"https:\/\/impact911.ppv.mx\/?page_id=5795"},"modified":"2026-02-20T17:32:29","modified_gmt":"2026-02-20T17:32:29","slug":"impact-friends","status":"publish","type":"page","link":"https:\/\/impact911.fm\/index.php\/impact-friends\/","title":{"rendered":"Impact Friends"},"content":{"rendered":"\t\t<div data-elementor-type=\"wp-page\" data-elementor-id=\"5795\" class=\"elementor elementor-5795\">\n\t\t\t\t<div class=\"elementor-element elementor-element-94346af e-flex e-con-boxed e-con e-parent\" data-id=\"94346af\" data-element_type=\"container\">\n\t\t\t\t\t<div class=\"e-con-inner\">\n\t\t\t\t<div class=\"elementor-element elementor-element-3f0168f elementor-widget elementor-widget-image\" data-id=\"3f0168f\" data-element_type=\"widget\" data-widget_type=\"image.default\">\n\t\t\t\t\t\t\t\t\t\t\t\t\t\t\t<img fetchpriority=\"high\" decoding=\"async\" width=\"1600\" height=\"414\" src=\"https:\/\/impact911.fm\/wp-content\/uploads\/2026\/02\/lg.png\" class=\"attachment-full size-full wp-image-5957\" alt=\"\" srcset=\"https:\/\/impact911.fm\/wp-content\/uploads\/2026\/02\/lg.png 1600w, https:\/\/impact911.fm\/wp-content\/uploads\/2026\/02\/lg-300x78.png 300w, https:\/\/impact911.fm\/wp-content\/uploads\/2026\/02\/lg-1024x265.png 1024w, https:\/\/impact911.fm\/wp-content\/uploads\/2026\/02\/lg-768x199.png 768w, https:\/\/impact911.fm\/wp-content\/uploads\/2026\/02\/lg-1536x397.png 1536w\" sizes=\"(max-width: 1600px) 100vw, 1600px\" \/>\t\t\t\t\t\t\t\t\t\t\t\t\t\t\t<\/div>\n\t\t\t\t\t<\/div>\n\t\t\t\t<\/div>\n\t\t<div class=\"elementor-element elementor-element-2974ece e-flex e-con-boxed e-con e-parent\" data-id=\"2974ece\" data-element_type=\"container\">\n\t\t\t\t\t<div class=\"e-con-inner\">\n\t\t<div class=\"elementor-element elementor-element-d7477a5 e-con-full e-flex e-con e-child\" data-id=\"d7477a5\" data-element_type=\"container\">\n\t\t\t\t<div class=\"elementor-element elementor-element-39287b3 elementor-widget elementor-widget-image\" data-id=\"39287b3\" data-element_type=\"widget\" data-widget_type=\"image.default\">\n\t\t\t\t\t\t\t\t\t\t\t\t\t\t\t<img decoding=\"async\" width=\"509\" height=\"891\" src=\"https:\/\/impact911.fm\/wp-content\/uploads\/2026\/02\/fri.png\" class=\"attachment-large size-large wp-image-5936\" alt=\"\" srcset=\"https:\/\/impact911.fm\/wp-content\/uploads\/2026\/02\/fri.png 509w, https:\/\/impact911.fm\/wp-content\/uploads\/2026\/02\/fri-171x300.png 171w\" sizes=\"(max-width: 509px) 100vw, 509px\" \/>\t\t\t\t\t\t\t\t\t\t\t\t\t\t\t<\/div>\n\t\t\t\t<\/div>\n\t\t<div class=\"elementor-element elementor-element-99b8ee4 e-con-full e-flex e-con e-child\" data-id=\"99b8ee4\" data-element_type=\"container\">\n\t\t\t\t<div class=\"elementor-element elementor-element-0f43a1d elementor-widget elementor-widget-heading\" data-id=\"0f43a1d\" data-element_type=\"widget\" data-widget_type=\"heading.default\">\n\t\t\t\t\t<h2 class=\"elementor-heading-title elementor-size-default\">Soy Impact Friends<\/h2>\t\t\t\t<\/div>\n\t\t\t\t<div class=\"elementor-element elementor-element-af884e4 elementor-widget elementor-widget-text-editor\" data-id=\"af884e4\" data-element_type=\"widget\" data-widget_type=\"text-editor.default\">\n\t\t\t\t\t\t\t\t\t<h5>Hay voces que marcan momentos.<br \/>Y hay momentos que marcan una vida.<\/h5><p>Impact Radio ha sido m\u00e1s que una se\u00f1al al aire.<br \/>Ha sido compa\u00f1\u00eda cuando el silencio pesaba.<br \/>Ha sido direcci\u00f3n cuando hab\u00eda incertidumbre.<br \/>Ha sido fe cuando parec\u00eda faltar fuerza.<\/p><p>Y cuando algo toca tu historia\u2026 ya no es externo.<br \/>Se vuelve parte de ti.<\/p><p>Por eso Impact Friends no es solo una membres\u00eda.<br \/>Es una declaraci\u00f3n.<\/p><p>Es decir:<\/p><p>\u201cEsta voz tambi\u00e9n es m\u00eda.\u201d<br \/>\u201cEsta misi\u00f3n tambi\u00e9n me representa.\u201d<br \/>\u201cEste impacto tambi\u00e9n lo llevo en el coraz\u00f3n.\u201d<\/p><p>Ser <strong>miembro VIP de Impact Friends es elegir pertenecer<\/strong>.<br \/>Es caminar junto a una comunidad que cree en el poder de un mensaje que transforma vidas.<\/p><p>Es entender que lo que te bendijo puede seguir alcanzando a muchos m\u00e1s.<\/p>\t\t\t\t\t\t\t\t<\/div>\n\t\t\t\t<\/div>\n\t\t\t\t\t<\/div>\n\t\t\t\t<\/div>\n\t\t<div class=\"elementor-element elementor-element-7873d47 e-con-full e-flex e-con e-parent\" data-id=\"7873d47\" data-element_type=\"container\" data-settings=\"{&quot;background_background&quot;:&quot;slideshow&quot;,&quot;background_slideshow_gallery&quot;:[{&quot;id&quot;:5925,&quot;url&quot;:&quot;https:\\\/\\\/impact911.fm\\\/wp-content\\\/uploads\\\/2026\\\/02\\\/228872fcde84dd588c05d3d9879e52c0-e1771519619535.jpg&quot;}],&quot;background_slideshow_loop&quot;:&quot;yes&quot;,&quot;background_slideshow_slide_duration&quot;:5000,&quot;background_slideshow_slide_transition&quot;:&quot;fade&quot;,&quot;background_slideshow_transition_duration&quot;:500}\">\n\t\t\t\t<div class=\"elementor-element elementor-element-1a050eb elementor-widget elementor-widget-text-editor\" data-id=\"1a050eb\" data-element_type=\"widget\" data-widget_type=\"text-editor.default\">\n\t\t\t\t\t\t\t\t\t<h4>Impact Friends es comunidad. Es identidad. Es prop\u00f3sito compartido.<\/h4>\t\t\t\t\t\t\t\t<\/div>\n\t\t\t\t<div class=\"elementor-element elementor-element-95aa5aa elementor-widget elementor-widget-heading\" data-id=\"95aa5aa\" data-element_type=\"widget\" data-widget_type=\"heading.default\">\n\t\t\t\t\t<h2 class=\"elementor-heading-title elementor-size-default\">Cuando dices \u201cSoy Impact Friends\u201d, est\u00e1s afirmando:<\/h2>\t\t\t\t<\/div>\n\t\t\t\t<div class=\"elementor-element elementor-element-7b68ab8 elementor-widget elementor-widget-heading\" data-id=\"7b68ab8\" data-element_type=\"widget\" data-widget_type=\"heading.default\">\n\t\t\t\t\t<h2 class=\"elementor-heading-title elementor-size-default\">Soy parte de algo mayor. <br>\nSoy parte de una visi\u00f3n que inspira. <br>\nSoy parte de una voz que genera esperanza. <br><\/h2>\t\t\t\t<\/div>\n\t\t\t\t<\/div>\n\t\t<div class=\"elementor-element elementor-element-6b42836 e-flex e-con-boxed e-con e-parent\" data-id=\"6b42836\" data-element_type=\"container\">\n\t\t\t\t\t<div class=\"e-con-inner\">\n\t\t\t\t<div class=\"elementor-element elementor-element-1b70dd8 elementor-widget elementor-widget-spacer\" data-id=\"1b70dd8\" data-element_type=\"widget\" data-widget_type=\"spacer.default\">\n\t\t\t\t\t\t\t<div class=\"elementor-spacer\">\n\t\t\t<div class=\"elementor-spacer-inner\"><\/div>\n\t\t<\/div>\n\t\t\t\t\t\t<\/div>\n\t\t\t\t<div class=\"elementor-element elementor-element-5fe8adf elementor-view-default elementor-widget elementor-widget-icon\" data-id=\"5fe8adf\" data-element_type=\"widget\" data-widget_type=\"icon.default\">\n\t\t\t\t\t\t\t<div class=\"elementor-icon-wrapper\">\n\t\t\t<div class=\"elementor-icon elementor-animation-pulse\">\n\t\t\t<svg aria-hidden=\"true\" class=\"e-font-icon-svg e-far-heart\" viewBox=\"0 0 512 512\" xmlns=\"http:\/\/www.w3.org\/2000\/svg\"><path d=\"M458.4 64.3C400.6 15.7 311.3 23 256 79.3 200.7 23 111.4 15.6 53.6 64.3-21.6 127.6-10.6 230.8 43 285.5l175.4 178.7c10 10.2 23.4 15.9 37.6 15.9 14.3 0 27.6-5.6 37.6-15.8L469 285.6c53.5-54.7 64.7-157.9-10.6-221.3zm-23.6 187.5L259.4 430.5c-2.4 2.4-4.4 2.4-6.8 0L77.2 251.8c-36.5-37.2-43.9-107.6 7.3-150.7 38.9-32.7 98.9-27.8 136.5 10.5l35 35.7 35-35.7c37.8-38.5 97.8-43.2 136.5-10.6 51.1 43.1 43.5 113.9 7.3 150.8z\"><\/path><\/svg>\t\t\t<\/div>\n\t\t<\/div>\n\t\t\t\t\t\t<\/div>\n\t\t\t\t<div class=\"elementor-element elementor-element-e0d1eb2 elementor-widget elementor-widget-heading\" data-id=\"e0d1eb2\" data-element_type=\"widget\" data-widget_type=\"heading.default\">\n\t\t\t\t\t<h2 class=\"elementor-heading-title elementor-size-default\">Impact Friends\nNo solo lo escuchas.<\/h2>\t\t\t\t<\/div>\n\t\t\t\t<div class=\"elementor-element elementor-element-df1d4fa elementor-widget elementor-widget-heading\" data-id=\"df1d4fa\" data-element_type=\"widget\" data-widget_type=\"heading.default\">\n\t\t\t\t\t<h2 class=\"elementor-heading-title elementor-size-default\">Lo vives.\nLo representas.\nSoy Impact Friends.<\/h2>\t\t\t\t<\/div>\n\t\t\t\t\t<\/div>\n\t\t\t\t<\/div>\n\t\t\t\t<\/div>\n\t\t","protected":false},"excerpt":{"rendered":"<p>Soy Impact Friends Hay voces que marcan momentos.Y hay momentos que marcan una vida. Impact Radio ha sido m\u00e1s que una se\u00f1al al aire.Ha sido compa\u00f1\u00eda cuando el silencio pesaba.Ha sido direcci\u00f3n cuando hab\u00eda incertidumbre.Ha sido fe cuando parec\u00eda faltar fuerza. Y cuando algo toca tu historia\u2026 ya no es externo.Se vuelve parte de ti. [&hellip;]<\/p>\n","protected":false},"author":1,"featured_media":0,"parent":0,"menu_order":0,"comment_status":"closed","ping_status":"closed","template":"","meta":{"give_campaign_id":0,"footnotes":""},"class_list":["post-5795","page","type-page","status-publish","hentry"],"campaignId":"","_links":{"self":[{"href":"https:\/\/impact911.fm\/index.php\/wp-json\/wp\/v2\/pages\/5795","targetHints":{"allow":["GET"]}}],"collection":[{"href":"https:\/\/impact911.fm\/index.php\/wp-json\/wp\/v2\/pages"}],"about":[{"href":"https:\/\/impact911.fm\/index.php\/wp-json\/wp\/v2\/types\/page"}],"author":[{"embeddable":true,"href":"https:\/\/impact911.fm\/index.php\/wp-json\/wp\/v2\/users\/1"}],"replies":[{"embeddable":true,"href":"https:\/\/impact911.fm\/index.php\/wp-json\/wp\/v2\/comments?post=5795"}],"version-history":[{"count":94,"href":"https:\/\/impact911.fm\/index.php\/wp-json\/wp\/v2\/pages\/5795\/revisions"}],"predecessor-version":[{"id":5969,"href":"https:\/\/impact911.fm\/index.php\/wp-json\/wp\/v2\/pages\/5795\/revisions\/5969"}],"wp:attachment":[{"href":"https:\/\/impact911.fm\/index.php\/wp-json\/wp\/v2\/media?parent=5795"}],"curies":[{"name":"wp","href":"https:\/\/api.w.org\/{rel}","templated":true}]}}